{"id":98,"date":"2014-12-03T14:59:51","date_gmt":"2014-12-03T14:59:51","guid":{"rendered":"https:\/\/genesisgroupslp.com\/sp\/solutions\/customs-brokerage\/"},"modified":"2015-01-31T00:11:33","modified_gmt":"2015-01-31T00:11:33","slug":"customs-brokerage","status":"publish","type":"page","link":"https:\/\/genesisgroupslp.com\/es-ve\/solutions\/customs-brokerage\/","title":{"rendered":"AGENCIAMIENTO ADUANAL"},"content":{"rendered":"<div id=\"jc_pageheaders\">\n<h1>AGENCIAMIENTO ADUANAL<\/h1>\n<\/div>\n<p>El \u00e9nfasis global sobre el comercio y el cumplimiento de la seguridad han incrementado la importancia de agenciamiento aduanero en el proceso de cadena de suministro. En Genesis Logistics aprovechamos nuestra experiencia, conocimientos de reglamentaci\u00f3n y las \u00faltimas tecnolog\u00edas para garantizar su tranquilidad.<\/p>\n<p>Entendemos que las demoras en las aduanas tienen un impacto directo en la disponibilidad de sus productos en el mercado. Por lo tanto, nuestro equipo de expertos trabaja arduamente para asegurar plazos de entrega competitivos, mejorando as\u00ed su fiabilidad en su cadena de suministro.<\/p>\n<p>Servicios<\/p>\n<ul>\n<li>Agenciamiento Aduanero Automatizado<\/li>\n<li>Importaci\u00f3n, Exportaci\u00f3n, Reexportaci\u00f3n y Zona Franca<\/li>\n<li>Clasificaci\u00f3n y Valoraci\u00f3n Experta<\/li>\n<li>Informes de Gesti\u00f3n Personalizados<\/li>\n<li>Administraci\u00f3n de Fianzas Aduaneras<\/li>\n<li>Tramites para Licencias de Importacion y Permisos Especiales<\/li>\n<li>Servicios Consulares<\/li>\n<li>Traducciones tecnicas<\/li>\n<\/ul>\n","protected":false},"excerpt":{"rendered":"<p>AGENCIAMIENTO ADUANAL El \u00e9nfasis global sobre el comercio y el cumplimiento de la seguridad han incrementado la importancia de agenciamiento aduanero en el proceso de cadena de suministro. En Genesis Logistics aprovechamos nuestra experiencia, conocimientos de reglamentaci\u00f3n y las \u00faltimas tecnolog\u00edas para garantizar su tranquilidad. Entendemos que las demoras en las aduanas tienen un impacto [&#8230;]<\/p>\n","protected":false},"author":1,"featured_media":0,"parent":88,"menu_order":16,"comment_status":"open","ping_status":"open","template":"","meta":{"footnotes":""},"class_list":["post-98","page","type-page","status-publish","hentry"],"_links":{"self":[{"href":"https:\/\/genesisgroupslp.com\/es-ve\/wp-json\/wp\/v2\/pages\/98","targetHints":{"allow":["GET"]}}],"collection":[{"href":"https:\/\/genesisgroupslp.com\/es-ve\/wp-json\/wp\/v2\/pages"}],"about":[{"href":"https:\/\/genesisgroupslp.com\/es-ve\/wp-json\/wp\/v2\/types\/page"}],"author":[{"embeddable":true,"href":"https:\/\/genesisgroupslp.com\/es-ve\/wp-json\/wp\/v2\/users\/1"}],"replies":[{"embeddable":true,"href":"https:\/\/genesisgroupslp.com\/es-ve\/wp-json\/wp\/v2\/comments?post=98"}],"version-history":[{"count":4,"href":"https:\/\/genesisgroupslp.com\/es-ve\/wp-json\/wp\/v2\/pages\/98\/revisions"}],"predecessor-version":[{"id":653,"href":"https:\/\/genesisgroupslp.com\/es-ve\/wp-json\/wp\/v2\/pages\/98\/revisions\/653"}],"up":[{"embeddable":true,"href":"https:\/\/genesisgroupslp.com\/es-ve\/wp-json\/wp\/v2\/pages\/88"}],"wp:attachment":[{"href":"https:\/\/genesisgroupslp.com\/es-ve\/wp-json\/wp\/v2\/media?parent=98"}],"curies":[{"name":"wp","href":"https:\/\/api.w.org\/{rel}","templated":true}]}}