{"id":97,"date":"2014-12-03T14:59:51","date_gmt":"2014-12-03T14:59:51","guid":{"rendered":"https:\/\/genesisgroupslp.com\/sp\/solutions\/freight-forwarding\/"},"modified":"2015-01-31T00:10:20","modified_gmt":"2015-01-31T00:10:20","slug":"global-forwarding","status":"publish","type":"page","link":"https:\/\/genesisgroupslp.com\/es-ve\/solutions\/global-forwarding\/","title":{"rendered":"FLETE INTERNACIONAL"},"content":{"rendered":"<div id=\"jc_pageheaders\">\n<h1>FLETE INTERNACIONAL<\/h1>\n<\/div>\n<p>Si est\u00e1 en busca de un Agente de Carga, no busque m\u00e1s. Genesis Logistics es su socio ideal para servicios de transporte y log\u00edstica integrales. Nuestros servicios de transporte de carga y de gesti\u00f3n de carga incluyen servicios a\u00e9reos, mar\u00edtimos y de transporte terrestre puerta a puerta en todo el mundo para pr\u00e1cticamente cualquier tama\u00f1o y tipo de mercanc\u00eda.<\/p>\n<p>Como operador log\u00edstico de tama\u00f1o mediano, nos enorgullecemos de proporcionar a nuestros clientes ese muy importante &#8216;toque personal&#8217;. Nuestro equipo de log\u00edstica estar\u00e1 encantado de hablar con usted sin importar cu\u00e1l sea la consulta.<\/p>\n<p>Como promotor de servicios log\u00edsticos completo, nos especializamos en:<\/p>\n<ul>\n<li>Carga A\u00e9rea Consolidada y directa<\/li>\n<li>Carga mar\u00edtima FCL y LCL<\/li>\n<li>Charters \u2013 completo o parcial\/ A\u00e9reo o Mar\u00edtimo.<\/li>\n<li>Transporte Multimodal<\/li>\n<li>Almacenamiento y Distribuci\u00f3n<\/li>\n<li>Consultor\u00eda de Cumplimiento de Normas Comerciales<\/li>\n<li>Transporte Transfronterizo FTL y LTL<\/li>\n<li>Log\u00edstica Inversa<\/li>\n<li>Seguro de Carga<\/li>\n<\/ul>\n","protected":false},"excerpt":{"rendered":"<p>FLETE INTERNACIONAL Si est\u00e1 en busca de un Agente de Carga, no busque m\u00e1s. Genesis Logistics es su socio ideal para servicios de transporte y log\u00edstica integrales. Nuestros servicios de transporte de carga y de gesti\u00f3n de carga incluyen servicios a\u00e9reos, mar\u00edtimos y de transporte terrestre puerta a puerta en todo el mundo para pr\u00e1cticamente [&#8230;]<\/p>\n","protected":false},"author":1,"featured_media":0,"parent":88,"menu_order":15,"comment_status":"open","ping_status":"closed","template":"","meta":{"footnotes":""},"class_list":["post-97","page","type-page","status-publish","hentry"],"_links":{"self":[{"href":"https:\/\/genesisgroupslp.com\/es-ve\/wp-json\/wp\/v2\/pages\/97","targetHints":{"allow":["GET"]}}],"collection":[{"href":"https:\/\/genesisgroupslp.com\/es-ve\/wp-json\/wp\/v2\/pages"}],"about":[{"href":"https:\/\/genesisgroupslp.com\/es-ve\/wp-json\/wp\/v2\/types\/page"}],"author":[{"embeddable":true,"href":"https:\/\/genesisgroupslp.com\/es-ve\/wp-json\/wp\/v2\/users\/1"}],"replies":[{"embeddable":true,"href":"https:\/\/genesisgroupslp.com\/es-ve\/wp-json\/wp\/v2\/comments?post=97"}],"version-history":[{"count":6,"href":"https:\/\/genesisgroupslp.com\/es-ve\/wp-json\/wp\/v2\/pages\/97\/revisions"}],"predecessor-version":[{"id":652,"href":"https:\/\/genesisgroupslp.com\/es-ve\/wp-json\/wp\/v2\/pages\/97\/revisions\/652"}],"up":[{"embeddable":true,"href":"https:\/\/genesisgroupslp.com\/es-ve\/wp-json\/wp\/v2\/pages\/88"}],"wp:attachment":[{"href":"https:\/\/genesisgroupslp.com\/es-ve\/wp-json\/wp\/v2\/media?parent=97"}],"curies":[{"name":"wp","href":"https:\/\/api.w.org\/{rel}","templated":true}]}}