{"id":96,"date":"2014-12-03T14:59:51","date_gmt":"2014-12-03T14:59:51","guid":{"rendered":"https:\/\/genesisgroupslp.com\/sp\/solutions\/ships-agency\/"},"modified":"2015-02-04T15:24:29","modified_gmt":"2015-02-04T15:24:29","slug":"ships-agency","status":"publish","type":"page","link":"https:\/\/genesisgroupslp.com\/es-ve\/solutions\/ships-agency\/","title":{"rendered":"AGENCIAMIENTO NAVIERO"},"content":{"rendered":"<div id=\"jc_pageheaders\">\n<h1>AGENCIAMIENTO NAVIERO<\/h1>\n<\/div>\n<p>Genesis Marine brinda un alcance completo de servicios, incluyendo Agenciamiento Completo, Atenci\u00f3n de Buques y somos Agentes Protectores del Armador. Todas nuestros servicios est\u00e1n dise\u00f1ados para maximizar la optimizaci\u00f3n de viaje.<\/p>\n<p>En una industria que sufre frecuentes cambios regulatorios, escalada de costos de operaci\u00f3n y regulaciones de cumplimiento cada vez m\u00e1s estrictas, Genesis Marine ofrece soluciones disciplinadas y estructuradas para asegurar la atenci\u00f3n a buques de forma eficiente y rentable.<\/p>\n<p>Nuestros equipos de expertos tienen muchos a\u00f1os de experiencia trabajando en la regi\u00f3n y pueden proporcionar soluciones altamente efectivas para todo tipo de buques y comercio. Tecnolog\u00eda de vanguardia apuntala nuestras operaciones y nos permite proporcionar planeamiento din\u00e1mico, manejo y reporte comprensible para todas las operaciones.<\/p>\n<p>Con nuestras oficinas principales en Venezuela y oficinas a trav\u00e9s de las Am\u00e9ricas y el Caribe, estamos bien posicionados para atender sus necesidades a lo largo de la regi\u00f3n.<\/p>\n<p>Iniciemos una conversaci\u00f3n.<\/p>\n<div class=\"su-spacer\" style=\"height:20px\"><\/div>\n<div id=\"accordion\" class=\"accordion\">\n<div class=\"accordion-group\"><div class=\"accordion-heading pl-contrast\"><a class=\"accordion-toggle\" data-toggle=\"collapse\" data-parent=\"#accordion\" href=\"#collapse1\">Servicios<\/a><\/div><div id=\"collapse1\" class=\"accordion-body collapse \"><div class=\"accordion-inner\">\n<div id=\"jc_pageheaders\">\n<h2>Servicios<\/h2>\n<\/div>\n<div id=\"jc_servicesdropdown2\">Agenciamiento Completo \u2013 Atenci\u00f3n de Buques \u2013 Agentes Protectores del Armador\n<\/div>\n<div class=\"su-spacer\" style=\"height:15px\"><\/div>\n<div id=\"sue_content_slider_69eba99d2a9cf\" class=\"sue-content-slider sue-content-slider-arrows-yes sue-content-slider-pages-no sue-content-slider-style-dark\" data-effect=\"fade\" data-autoplay=\"0\" data-speed=\"500\">\n<div class=\"sue-content-slide sue-clearfix sue-content-wrap\">\n<div class=\"container\">\n<div class=\"row\">\n<div class=\"span4\"><strong>PREVIA LLEGADA<\/strong><div class=\"su-list su-list-style-\">\n<ul>\n<li><i class=\"fa fa-check\" style=\"color:#3a8061\"><\/i> Manejo de las Nominaciones.<\/li>\n<li><i class=\"fa fa-check\" style=\"color:#3a8061\"><\/i> Planificaci\u00f3n de Buques.<\/li>\n<li><i class=\"fa fa-check\" style=\"color:#3a8061\"><\/i> Panificaci\u00f3n.<\/li>\n<li><i class=\"fa fa-check\" style=\"color:#3a8061\"><\/i> Pre-planificaci\u00f3n de Carga.<\/li>\n<\/ul>\n<\/div>\n<\/div>\n<div class=\"span8\"><img loading=\"lazy\" decoding=\"async\" class=\"aligncenter size-full wp-image-625\" src=\"https:\/\/genesisgroupslp.com\/es-ve\/wp-content\/uploads\/2014\/12\/NewImage___two___.jpg\" alt=\"NewImage___two___\" width=\"744\" height=\"240\" data-id=\"625\" srcset=\"https:\/\/genesisgroupslp.com\/es-ve\/wp-content\/uploads\/2014\/12\/NewImage___two___.jpg 744w, https:\/\/genesisgroupslp.com\/es-ve\/wp-content\/uploads\/2014\/12\/NewImage___two___-300x96.jpg 300w\" sizes=\"auto, (max-width: 744px) 100vw, 744px\" \/><\/div>\n<\/div>\n<\/div>\n<\/div>\n<div class=\"sue-content-slide sue-clearfix sue-content-wrap\">\n<div class=\"container\">\n<div class=\"row\">\n<div class=\"span4\"><strong>OPERACIONES PORTUARIAS<\/strong><div class=\"su-list su-list-style-\">\n<ul>\n<li><i class=\"fa fa-check\" style=\"color:#3a8061\"><\/i> Llegada.<\/li>\n<li><i class=\"fa fa-check\" style=\"color:#3a8061\"><\/i> Visita de Autoridades.<\/li>\n<li><i class=\"fa fa-check\" style=\"color:#3a8061\"><\/i> Supervisi\u00f3n.<\/li>\n<li><i class=\"fa fa-check\" style=\"color:#3a8061\"><\/i> Servicios Adicionales.<\/li>\n<div class=\"su-spacer\" style=\"height:22px\"><\/div>\n<\/ul>\n<\/div>\n<\/div>\n<div class=\"span8\"><img loading=\"lazy\" decoding=\"async\" class=\"aligncenter size-full wp-image-545\" src=\"https:\/\/genesisgroupslp.com\/es-ve\/wp-content\/uploads\/2014\/12\/Slide___two___FINAL.jpg\" alt=\"Slide___two___FINAL\" width=\"744\" height=\"240\" data-id=\"545\" srcset=\"https:\/\/genesisgroupslp.com\/es-ve\/wp-content\/uploads\/2014\/12\/Slide___two___FINAL.jpg 744w, https:\/\/genesisgroupslp.com\/es-ve\/wp-content\/uploads\/2014\/12\/Slide___two___FINAL-300x96.jpg 300w\" sizes=\"auto, (max-width: 744px) 100vw, 744px\" \/><\/div>\n<\/div>\n<\/div>\n<\/div>\n<div class=\"sue-content-slide sue-clearfix sue-content-wrap\">\n<div class=\"container\">\n<div class=\"row\">\n<div class=\"span4\"><strong>PREVIA SALIDA<\/strong><div class=\"su-list su-list-style-\">\n<ul>\n<li><i class=\"fa fa-check\" style=\"color:#3a8061\"><\/i> Servicio al Cliente.<\/li>\n<li><i class=\"fa fa-check\" style=\"color:#3a8061\"><\/i> Revisi\u00f3n de Gastos de Desembolso.<\/li>\n<div class=\"su-spacer\" style=\"height:61px\"><\/div>\n<\/ul>\n<\/div>\n<\/div>\n<div class=\"span8\"><img loading=\"lazy\" decoding=\"async\" class=\"aligncenter size-full wp-image-546\" src=\"https:\/\/genesisgroupslp.com\/es-ve\/wp-content\/uploads\/2014\/12\/Slide___three___FINAL.jpg\" alt=\"Slide___three___FINAL\" width=\"744\" height=\"240\" data-id=\"546\" srcset=\"https:\/\/genesisgroupslp.com\/es-ve\/wp-content\/uploads\/2014\/12\/Slide___three___FINAL.jpg 744w, https:\/\/genesisgroupslp.com\/es-ve\/wp-content\/uploads\/2014\/12\/Slide___three___FINAL-300x96.jpg 300w\" sizes=\"auto, (max-width: 744px) 100vw, 744px\" \/>\n<\/div>\n<\/div>\n<\/div>\n<\/div>\n<div class=\"sue-content-slide sue-clearfix sue-content-wrap\">\n<div class=\"container\">\n<div class=\"row\">\n<div class=\"span4\"><strong>SALIDA<\/strong><div class=\"su-list su-list-style-\">\n<ul>\n<li><i class=\"fa fa-check\" style=\"color:#3a8061\"><\/i> Coordinaci\u00f3n de Salida.<\/li>\n<li><i class=\"fa fa-check\" style=\"color:#3a8061\"><\/i> Documentaci\u00f3n de la Carga.<\/li>\n<li><i class=\"fa fa-check\" style=\"color:#3a8061\"><\/i> Pr\u00f3ximo Puerto.<\/li>\n<li><i class=\"fa fa-check\" style=\"color:#3a8061\"><\/i> Liberaci\u00f3n del Buque Salida.<\/li>\n<div class=\"su-spacer\" style=\"height:21px\"><\/div>\n<\/ul>\n<\/div>\n<\/div>\n<div class=\"span8\"><img loading=\"lazy\" decoding=\"async\" class=\"aligncenter size-full wp-image-547\" src=\"https:\/\/genesisgroupslp.com\/es-ve\/wp-content\/uploads\/2014\/12\/Slide___four___FINAL.jpg\" alt=\"Slide___four___FINAL\" width=\"744\" height=\"240\" data-id=\"547\" srcset=\"https:\/\/genesisgroupslp.com\/es-ve\/wp-content\/uploads\/2014\/12\/Slide___four___FINAL.jpg 744w, https:\/\/genesisgroupslp.com\/es-ve\/wp-content\/uploads\/2014\/12\/Slide___four___FINAL-300x96.jpg 300w\" sizes=\"auto, (max-width: 744px) 100vw, 744px\" \/><\/div>\n<\/div>\n<\/div>\n<\/div>\n<\/div>\n<div class=\"su-spacer\" style=\"height:25px\"><\/div>\n<div id=\"jc_servicesdropdown\"><span style=\"margin-top: -2%; color: #09603a; font-weight: 600;\">Eficiencia \u2013 Gesti\u00f3n de Tiempo \u2013 Gesti\u00f3n de Costos<\/span><\/div>\n<\/div><\/div><\/div>\n<div class=\"accordion-group\"><div class=\"accordion-heading pl-contrast\"><a class=\"accordion-toggle\" data-toggle=\"collapse\" data-parent=\"#accordion\" href=\"#collapse2\">Estrategia y Alianzas<\/a><\/div><div id=\"collapse2\" class=\"accordion-body collapse \"><div class=\"accordion-inner\">\n<div id=\"jc_pageheaders\">\n<h2>Estrategia y Alianzas<\/h2>\n<\/div>\n<p>Como empresa privada, Genesis Marine puede enfocarse en compromisos de largo plazo y relaciones duraderas con clientes, proveedores y aliados a trav\u00e9s de la \u201cPersonalizaci\u00f3n del Servicio.&#8221;<\/p>\n<div id=\"sue_content_slider_69eba99d2b078\" class=\"sue-content-slider sue-content-slider-arrows-yes sue-content-slider-pages-no sue-content-slider-style-dark\" data-effect=\"fade\" data-autoplay=\"0\" data-speed=\"500\">\n<div class=\"sue-content-slide sue-clearfix sue-content-wrap\">\n<div class=\"container\">\n<div class=\"row\">\n<div class=\"span4\"><strong>PREVIA LLEGADA<\/strong><div class=\"su-list su-list-style-\">\n<ul>\n<li><i class=\"fa fa-check\" style=\"color:#3a8061\"><\/i> Supervisi\u00f3n de Carga.<\/li>\n<li><i class=\"fa fa-check\" style=\"color:#3a8061\"><\/i> Manejo de Demoras.<\/li>\n<li><i class=\"fa fa-check\" style=\"color:#3a8061\"><\/i> Asistencia M\u00e9dica a Tripulaci\u00f3n.<\/li>\n<li><i class=\"fa fa-check\" style=\"color:#3a8061\"><\/i> Provisiones a Bordo.<\/li>\n<\/ul>\n<\/div>\n<\/div>\n<div class=\"span8\"><img loading=\"lazy\" decoding=\"async\" class=\"aligncenter size-full wp-image-626\" src=\"https:\/\/genesisgroupslp.com\/es-ve\/wp-content\/uploads\/2014\/12\/NewImage___ONE___.jpg\" alt=\"NewImage___ONE___\" width=\"744\" height=\"240\" data-id=\"626\" srcset=\"https:\/\/genesisgroupslp.com\/es-ve\/wp-content\/uploads\/2014\/12\/NewImage___ONE___.jpg 744w, https:\/\/genesisgroupslp.com\/es-ve\/wp-content\/uploads\/2014\/12\/NewImage___ONE___-300x96.jpg 300w\" sizes=\"auto, (max-width: 744px) 100vw, 744px\" \/><\/div>\n<\/div>\n<\/div>\n<\/div>\n<div class=\"sue-content-slide sue-clearfix sue-content-wrap\">\n<div class=\"container\">\n<div class=\"row\">\n<div class=\"span4\"><strong>OPERACIONES PORTUARIAS<\/strong><div class=\"su-list su-list-style-\">\n<ul>\n<li><i class=\"fa fa-check\" style=\"color:#3a8061\"><\/i> Tr\u00e1mites Documentales.<\/li>\n<li><i class=\"fa fa-check\" style=\"color:#3a8061\"><\/i> Manejo y Elaboraci\u00f3n de B\/L.<\/li>\n<li><i class=\"fa fa-check\" style=\"color:#3a8061\"><\/i> Provisi\u00f3n de Repuestos.<\/li>\n<li><i class=\"fa fa-check\" style=\"color:#3a8061\"><\/i> Reparaciones.<\/li>\n<\/ul>\n<\/div>\n<\/div>\n<div class=\"span8\"><img loading=\"lazy\" decoding=\"async\" class=\"aligncenter size-full wp-image-405\" src=\"https:\/\/genesisgroupslp.com\/es-ve\/wp-content\/uploads\/2014\/12\/Slide___two___1.jpg\" alt=\"Slide___two___\" width=\"744\" height=\"240\" data-id=\"405\" srcset=\"https:\/\/genesisgroupslp.com\/es-ve\/wp-content\/uploads\/2014\/12\/Slide___two___1.jpg 744w, https:\/\/genesisgroupslp.com\/es-ve\/wp-content\/uploads\/2014\/12\/Slide___two___1-300x96.jpg 300w\" sizes=\"auto, (max-width: 744px) 100vw, 744px\" \/><\/div>\n<\/div>\n<\/div>\n<\/div>\n<div class=\"sue-content-slide sue-clearfix sue-content-wrap\">\n<div class=\"container\">\n<div class=\"row\">\n<div class=\"span4\"><strong>PREVIA SALIDA<\/strong><div class=\"su-list su-list-style-\">\n<ul>\n<li><i class=\"fa fa-check\" style=\"color:#3a8061\"><\/i> Liberaci\u00f3n de Carga.<\/li>\n<li><i class=\"fa fa-check\" style=\"color:#3a8061\"><\/i> Dinero Y Equipaje.<\/li>\n<li><i class=\"fa fa-check\" style=\"color:#3a8061\"><\/i> Pr\u00f3ximo Puerto.<\/li>\n<li><i class=\"fa fa-check\" style=\"color:#3a8061\"><\/i> Liberaci\u00f3n de Nave.<\/li>\n<\/ul>\n<\/div>\n<\/div>\n<div class=\"span8\"><img loading=\"lazy\" decoding=\"async\" class=\"aligncenter size-full wp-image-406\" src=\"https:\/\/genesisgroupslp.com\/es-ve\/wp-content\/uploads\/2014\/12\/Slide___three___1.jpg\" alt=\"Slide___three___\" width=\"744\" height=\"240\" data-id=\"406\" srcset=\"https:\/\/genesisgroupslp.com\/es-ve\/wp-content\/uploads\/2014\/12\/Slide___three___1.jpg 744w, https:\/\/genesisgroupslp.com\/es-ve\/wp-content\/uploads\/2014\/12\/Slide___three___1-300x96.jpg 300w\" sizes=\"auto, (max-width: 744px) 100vw, 744px\" \/><\/div>\n<\/div>\n<\/div>\n<\/div>\n<div class=\"sue-content-slide sue-clearfix sue-content-wrap\">\n<div class=\"container\">\n<div class=\"row\">\n<div class=\"span4\"><strong>SALIDA<\/strong><div class=\"su-list su-list-style-\">\n<ul>\n<li><i class=\"fa fa-check\" style=\"color:#3a8061\"><\/i> Manejo de Reclamos.<\/li>\n<li><i class=\"fa fa-check\" style=\"color:#3a8061\"><\/i> Coordinaci\u00f3n de Reclamos de Carga.<\/li>\n<li><i class=\"fa fa-check\" style=\"color:#3a8061\"><\/i> Coordinaci\u00f3n P&amp;I.<\/li>\n<li><i class=\"fa fa-check\" style=\"color:#3a8061\"><\/i> Gesti\u00f3n del tiempo.<\/li>\n<\/ul>\n<\/div>\n<\/div>\n<div class=\"span8\"><img loading=\"lazy\" decoding=\"async\" class=\"aligncenter size-full wp-image-627\" src=\"https:\/\/genesisgroupslp.com\/es-ve\/wp-content\/uploads\/2014\/12\/NewImage___three___.jpg\" alt=\"NewImage___three___\" width=\"744\" height=\"240\" data-id=\"627\" srcset=\"https:\/\/genesisgroupslp.com\/es-ve\/wp-content\/uploads\/2014\/12\/NewImage___three___.jpg 744w, https:\/\/genesisgroupslp.com\/es-ve\/wp-content\/uploads\/2014\/12\/NewImage___three___-300x96.jpg 300w\" sizes=\"auto, (max-width: 744px) 100vw, 744px\" \/><\/div>\n<\/div>\n<\/div>\n<\/div>\n<\/div>\n<\/div><\/div><\/div>\n<\/div>\n","protected":false},"excerpt":{"rendered":"<p>AGENCIAMIENTO NAVIERO Genesis Marine brinda un alcance completo de servicios, incluyendo Agenciamiento Completo, Atenci\u00f3n de Buques y somos Agentes Protectores del Armador. Todas nuestros servicios est\u00e1n dise\u00f1ados para maximizar la optimizaci\u00f3n de viaje. En una industria que sufre frecuentes cambios regulatorios, escalada de costos de operaci\u00f3n y regulaciones de cumplimiento cada vez m\u00e1s estrictas, Genesis [&#8230;]<\/p>\n","protected":false},"author":1,"featured_media":0,"parent":88,"menu_order":14,"comment_status":"open","ping_status":"open","template":"","meta":{"footnotes":""},"class_list":["post-96","page","type-page","status-publish","hentry"],"_links":{"self":[{"href":"https:\/\/genesisgroupslp.com\/es-ve\/wp-json\/wp\/v2\/pages\/96","targetHints":{"allow":["GET"]}}],"collection":[{"href":"https:\/\/genesisgroupslp.com\/es-ve\/wp-json\/wp\/v2\/pages"}],"about":[{"href":"https:\/\/genesisgroupslp.com\/es-ve\/wp-json\/wp\/v2\/types\/page"}],"author":[{"embeddable":true,"href":"https:\/\/genesisgroupslp.com\/es-ve\/wp-json\/wp\/v2\/users\/1"}],"replies":[{"embeddable":true,"href":"https:\/\/genesisgroupslp.com\/es-ve\/wp-json\/wp\/v2\/comments?post=96"}],"version-history":[{"count":47,"href":"https:\/\/genesisgroupslp.com\/es-ve\/wp-json\/wp\/v2\/pages\/96\/revisions"}],"predecessor-version":[{"id":716,"href":"https:\/\/genesisgroupslp.com\/es-ve\/wp-json\/wp\/v2\/pages\/96\/revisions\/716"}],"up":[{"embeddable":true,"href":"https:\/\/genesisgroupslp.com\/es-ve\/wp-json\/wp\/v2\/pages\/88"}],"wp:attachment":[{"href":"https:\/\/genesisgroupslp.com\/es-ve\/wp-json\/wp\/v2\/media?parent=96"}],"curies":[{"name":"wp","href":"https:\/\/api.w.org\/{rel}","templated":true}]}}