{"id":95,"date":"2014-12-03T14:58:42","date_gmt":"2014-12-03T14:58:42","guid":{"rendered":"https:\/\/genesisgroupslp.com\/sp\/about\/legal\/"},"modified":"2015-01-30T23:58:21","modified_gmt":"2015-01-30T23:58:21","slug":"legal","status":"publish","type":"page","link":"https:\/\/genesisgroupslp.com\/es-ve\/about\/legal\/","title":{"rendered":"LEGAL"},"content":{"rendered":"<div id=\"jc_pageheaders\">\n<h1>LEGAL<\/h1>\n<\/div>\n<p>Renuncia \u00a9 2015 Genesis Group SLP, Inc.<\/p>\n<p>Genesis Group SLP, Inc. Todos los derechos reservados.<\/p>\n<p>Ninguna parte de este servicio puede ser reproducida en cualquier forma o por cualquier medio sin el previo permiso por escrito de Genesis Group SLP.<\/p>\n<p>La informaci\u00f3n proporcionada es &#8220;tal cual&#8221; con todos los defectos y sin garant\u00eda de ning\u00fan tipo, expresa o impl\u00edcita, incluyendo las de comerciabilidad y adecuaci\u00f3n para un prop\u00f3sito particular, o que surja de un curso de acuerdo, uso o pr\u00e1ctica comercial. Genesis Group no hace garant\u00eda o representaci\u00f3n con respecto a la exactitud o integridad de la informaci\u00f3n.<\/p>\n<p>En ning\u00fan caso Genesis Group ser\u00e1 responsable por los da\u00f1os y perjuicios incidentales o consecuentes, p\u00e9rdida de lucro o de datos, o cualquier da\u00f1o indirecto, incluso si Genesis Group ha sido informado de la posibilidad de los mismos.<\/p>\n<p>La informaci\u00f3n, texto, gr\u00e1ficos y enlaces proporcionados en el sitio web de Genesis Group se ofrecen como un servicio para nuestros clientes y visitantes de la p\u00e1gina. Genesis Group no garantiza la exactitud o integridad de la informaci\u00f3n y el texto que figura en este o en cualquier otro servidor.<\/p>\n<p>El sitio web de Genesis Group contiene enlaces a sitios que no son del Genesis Group. Estos enlaces se proporcionan solo como una conveniencia a nuestros visitantes del sitio. Genesis Group no se hace responsable de los contenidos de ning\u00fan sitio vinculado o cualquier v\u00ednculo contenido en un sitio vinculado. Adicionalmente, la inclusi\u00f3n de cualquier enlace no implica la aprobaci\u00f3n de ese sitio por parte de Genesis Group.<\/p>\n","protected":false},"excerpt":{"rendered":"<p>LEGAL Renuncia \u00a9 2015 Genesis Group SLP, Inc. Genesis Group SLP, Inc. Todos los derechos reservados. Ninguna parte de este servicio puede ser reproducida en cualquier forma o por cualquier medio sin el previo permiso por escrito de Genesis Group SLP. La informaci\u00f3n proporcionada es &#8220;tal cual&#8221; con todos los defectos y sin garant\u00eda de [&#8230;]<\/p>\n","protected":false},"author":1,"featured_media":0,"parent":15,"menu_order":13,"comment_status":"open","ping_status":"open","template":"","meta":{"footnotes":""},"class_list":["post-95","page","type-page","status-publish","hentry"],"_links":{"self":[{"href":"https:\/\/genesisgroupslp.com\/es-ve\/wp-json\/wp\/v2\/pages\/95","targetHints":{"allow":["GET"]}}],"collection":[{"href":"https:\/\/genesisgroupslp.com\/es-ve\/wp-json\/wp\/v2\/pages"}],"about":[{"href":"https:\/\/genesisgroupslp.com\/es-ve\/wp-json\/wp\/v2\/types\/page"}],"author":[{"embeddable":true,"href":"https:\/\/genesisgroupslp.com\/es-ve\/wp-json\/wp\/v2\/users\/1"}],"replies":[{"embeddable":true,"href":"https:\/\/genesisgroupslp.com\/es-ve\/wp-json\/wp\/v2\/comments?post=95"}],"version-history":[{"count":4,"href":"https:\/\/genesisgroupslp.com\/es-ve\/wp-json\/wp\/v2\/pages\/95\/revisions"}],"predecessor-version":[{"id":648,"href":"https:\/\/genesisgroupslp.com\/es-ve\/wp-json\/wp\/v2\/pages\/95\/revisions\/648"}],"up":[{"embeddable":true,"href":"https:\/\/genesisgroupslp.com\/es-ve\/wp-json\/wp\/v2\/pages\/15"}],"wp:attachment":[{"href":"https:\/\/genesisgroupslp.com\/es-ve\/wp-json\/wp\/v2\/media?parent=95"}],"curies":[{"name":"wp","href":"https:\/\/api.w.org\/{rel}","templated":true}]}}