{"id":93,"date":"2014-12-03T14:58:42","date_gmt":"2014-12-03T14:58:42","guid":{"rendered":"https:\/\/genesisgroupslp.com\/sp\/about\/strategic-focus\/"},"modified":"2015-01-30T23:55:34","modified_gmt":"2015-01-30T23:55:34","slug":"strategic-focus","status":"publish","type":"page","link":"https:\/\/genesisgroupslp.com\/es-ve\/about\/strategic-focus\/","title":{"rendered":"ENFOQUE ESTRATEGICO"},"content":{"rendered":"<div id=\"jc_pageheaders\">\n<h1>ENFOQUE ESTRATEGICO<\/h1>\n<\/div>\n<ul>\n<li>Aprovechamiento de los recursos y activos disponibles para servir las necesidades de nuestros clientes.<\/li>\n<li>Continua optimizaci\u00f3n de nuestra fuerza de trabajo.<\/li>\n<li>Gesti\u00f3n de Riesgos con los m\u00e1s altos est\u00e1ndares de calidad.<\/li>\n<li>Continua mejora de nuestros procesos y tecnolog\u00edas para mantenernos en el mejor estatus.<\/li>\n<li>100% satisfacci\u00f3n del cliente. Siempre.<\/li>\n<\/ul>\n","protected":false},"excerpt":{"rendered":"<p>ENFOQUE ESTRATEGICO Aprovechamiento de los recursos y activos disponibles para servir las necesidades de nuestros clientes. Continua optimizaci\u00f3n de nuestra fuerza de trabajo. Gesti\u00f3n de Riesgos con los m\u00e1s altos est\u00e1ndares de calidad. Continua mejora de nuestros procesos y tecnolog\u00edas para mantenernos en el mejor estatus. 100% satisfacci\u00f3n del cliente. Siempre.<\/p>\n","protected":false},"author":1,"featured_media":0,"parent":15,"menu_order":11,"comment_status":"open","ping_status":"open","template":"","meta":{"footnotes":""},"class_list":["post-93","page","type-page","status-publish","hentry"],"_links":{"self":[{"href":"https:\/\/genesisgroupslp.com\/es-ve\/wp-json\/wp\/v2\/pages\/93","targetHints":{"allow":["GET"]}}],"collection":[{"href":"https:\/\/genesisgroupslp.com\/es-ve\/wp-json\/wp\/v2\/pages"}],"about":[{"href":"https:\/\/genesisgroupslp.com\/es-ve\/wp-json\/wp\/v2\/types\/page"}],"author":[{"embeddable":true,"href":"https:\/\/genesisgroupslp.com\/es-ve\/wp-json\/wp\/v2\/users\/1"}],"replies":[{"embeddable":true,"href":"https:\/\/genesisgroupslp.com\/es-ve\/wp-json\/wp\/v2\/comments?post=93"}],"version-history":[{"count":2,"href":"https:\/\/genesisgroupslp.com\/es-ve\/wp-json\/wp\/v2\/pages\/93\/revisions"}],"predecessor-version":[{"id":645,"href":"https:\/\/genesisgroupslp.com\/es-ve\/wp-json\/wp\/v2\/pages\/93\/revisions\/645"}],"up":[{"embeddable":true,"href":"https:\/\/genesisgroupslp.com\/es-ve\/wp-json\/wp\/v2\/pages\/15"}],"wp:attachment":[{"href":"https:\/\/genesisgroupslp.com\/es-ve\/wp-json\/wp\/v2\/media?parent=93"}],"curies":[{"name":"wp","href":"https:\/\/api.w.org\/{rel}","templated":true}]}}