{"id":92,"date":"2014-12-03T14:58:42","date_gmt":"2014-12-03T14:58:42","guid":{"rendered":"https:\/\/genesisgroupslp.com\/sp\/about\/mission-vision\/"},"modified":"2015-01-30T23:54:48","modified_gmt":"2015-01-30T23:54:48","slug":"mission-vision","status":"publish","type":"page","link":"https:\/\/genesisgroupslp.com\/es-ve\/about\/mission-vision\/","title":{"rendered":"MISION Y VISION"},"content":{"rendered":"<div id=\"jc_pageheaders\">\n<h1>MISION Y VISION<\/h1>\n<\/div>\n<ul>\n<li>Nos esforzamos por ofrecer siempre los mejores servicios garantizando la seguridad, puntualidad y la relaci\u00f3n calidad-precio para asegurar que las expectativas de los clientes sean superadas cada vez.<\/li>\n<li>Revisaremos y actualizaremos constantemente m\u00e9todos y pr\u00e1cticas en l\u00ednea con las cambiantes condiciones regulatorias y de mercado para garantizar que los servicios que ofrecemos sean actuales, compatibles y los m\u00e1s novedosos.<\/li>\n<li>Pondremos siempre los intereses de nuestros clientes antes que los nuestros.<\/li>\n<li>Diversificaremos nuestra oferta de productos mediante la creaci\u00f3n de soluciones innovadoras y sostenibles que nos diferencian en la industria.<\/li>\n<li>Representaremos a nuestros clientes como se representar\u00edan a si mismos.<\/li>\n<\/ul>\n","protected":false},"excerpt":{"rendered":"<p>MISION Y VISION Nos esforzamos por ofrecer siempre los mejores servicios garantizando la seguridad, puntualidad y la relaci\u00f3n calidad-precio para asegurar que las expectativas de los clientes sean superadas cada vez. Revisaremos y actualizaremos constantemente m\u00e9todos y pr\u00e1cticas en l\u00ednea con las cambiantes condiciones regulatorias y de mercado para garantizar que los servicios que ofrecemos [&#8230;]<\/p>\n","protected":false},"author":1,"featured_media":0,"parent":15,"menu_order":10,"comment_status":"open","ping_status":"open","template":"","meta":{"footnotes":""},"class_list":["post-92","page","type-page","status-publish","hentry"],"_links":{"self":[{"href":"https:\/\/genesisgroupslp.com\/es-ve\/wp-json\/wp\/v2\/pages\/92","targetHints":{"allow":["GET"]}}],"collection":[{"href":"https:\/\/genesisgroupslp.com\/es-ve\/wp-json\/wp\/v2\/pages"}],"about":[{"href":"https:\/\/genesisgroupslp.com\/es-ve\/wp-json\/wp\/v2\/types\/page"}],"author":[{"embeddable":true,"href":"https:\/\/genesisgroupslp.com\/es-ve\/wp-json\/wp\/v2\/users\/1"}],"replies":[{"embeddable":true,"href":"https:\/\/genesisgroupslp.com\/es-ve\/wp-json\/wp\/v2\/comments?post=92"}],"version-history":[{"count":3,"href":"https:\/\/genesisgroupslp.com\/es-ve\/wp-json\/wp\/v2\/pages\/92\/revisions"}],"predecessor-version":[{"id":644,"href":"https:\/\/genesisgroupslp.com\/es-ve\/wp-json\/wp\/v2\/pages\/92\/revisions\/644"}],"up":[{"embeddable":true,"href":"https:\/\/genesisgroupslp.com\/es-ve\/wp-json\/wp\/v2\/pages\/15"}],"wp:attachment":[{"href":"https:\/\/genesisgroupslp.com\/es-ve\/wp-json\/wp\/v2\/media?parent=92"}],"curies":[{"name":"wp","href":"https:\/\/api.w.org\/{rel}","templated":true}]}}