{"id":102,"date":"2014-12-03T15:00:11","date_gmt":"2014-12-03T15:00:11","guid":{"rendered":"https:\/\/genesisgroupslp.com\/sp\/companies\/genesis-logistics\/"},"modified":"2015-01-31T00:18:16","modified_gmt":"2015-01-31T00:18:16","slug":"genesis-logistics","status":"publish","type":"page","link":"https:\/\/genesisgroupslp.com\/es-ve\/divisions\/genesis-logistics\/","title":{"rendered":"Genesis Logistics"},"content":{"rendered":"<p><img loading=\"lazy\" decoding=\"async\" class=\"jc_marineandlogisticslogos alignleft wp-image-372 size-medium\" src=\"https:\/\/genesisgroupslp.com\/es-ve\/wp-content\/uploads\/2014\/12\/Logo1-300x35.png\" alt=\"Logo1\" width=\"300\" height=\"35\" data-id=\"372\" srcset=\"https:\/\/genesisgroupslp.com\/es-ve\/wp-content\/uploads\/2014\/12\/Logo1-300x35.png 300w, https:\/\/genesisgroupslp.com\/es-ve\/wp-content\/uploads\/2014\/12\/Logo1-1024x119.png 1024w\" sizes=\"auto, (max-width: 300px) 100vw, 300px\" \/><br \/>\n<div class=\"su-spacer\" style=\"height:1px\"><\/div>\n<p>Nuestro negocio de log\u00edstica es administrado desde nuestras oficinas en la Ciudad de Panam\u00e1, donde proveemos un portafolio completo de servicios como:<\/p>\n<ul>\n<li>Despacho de carga<\/li>\n<li>Despacho de aduanas<\/li>\n<li>Log\u00edstica Naviera \u2013 Repuestos para barcos<\/li>\n<li>Gesti\u00f3n de Proyectos<\/li>\n<\/ul>\n<p>Con nuestras propias oficinas en la regi\u00f3n y el apoyo de una red de agencias a nivel global, proveemos soluciones efectivas que entregan una relaci\u00f3n calidad-precio de manera consistente y que garantizan la integridad de su cadena de suministros.<\/p>\n<p>Como una compa\u00f1\u00eda de mediano tama\u00f1o nos esforzamos por agregar valor a trav\u00e9s del servicio personalizado y dedicado que proveemos.<\/p>\n<p>Nos enorgullece poder procurar tarifas de fletes competitivos en todos los modos de transporte, lo que nos permite brindar ahorros significativos a nuestros clientes. Nuestra experiencia en despacho de aduanas hace que podamos brindarle servicios \u201cpunta a punta\u201d ajustados a sus requerimientos.<\/p>\n<p>Nuestro equipo espera su contacto.<\/p>\n","protected":false},"excerpt":{"rendered":"<p>Nuestro negocio de log\u00edstica es administrado desde nuestras oficinas en la Ciudad de Panam\u00e1, donde proveemos un portafolio completo de servicios como: Despacho de carga Despacho de aduanas Log\u00edstica Naviera \u2013 Repuestos para barcos Gesti\u00f3n de Proyectos Con nuestras propias oficinas en la regi\u00f3n y el apoyo de una red de agencias a nivel global, [&#8230;]<\/p>\n","protected":false},"author":1,"featured_media":0,"parent":89,"menu_order":20,"comment_status":"open","ping_status":"open","template":"","meta":{"footnotes":""},"class_list":["post-102","page","type-page","status-publish","hentry"],"_links":{"self":[{"href":"https:\/\/genesisgroupslp.com\/es-ve\/wp-json\/wp\/v2\/pages\/102","targetHints":{"allow":["GET"]}}],"collection":[{"href":"https:\/\/genesisgroupslp.com\/es-ve\/wp-json\/wp\/v2\/pages"}],"about":[{"href":"https:\/\/genesisgroupslp.com\/es-ve\/wp-json\/wp\/v2\/types\/page"}],"author":[{"embeddable":true,"href":"https:\/\/genesisgroupslp.com\/es-ve\/wp-json\/wp\/v2\/users\/1"}],"replies":[{"embeddable":true,"href":"https:\/\/genesisgroupslp.com\/es-ve\/wp-json\/wp\/v2\/comments?post=102"}],"version-history":[{"count":11,"href":"https:\/\/genesisgroupslp.com\/es-ve\/wp-json\/wp\/v2\/pages\/102\/revisions"}],"predecessor-version":[{"id":659,"href":"https:\/\/genesisgroupslp.com\/es-ve\/wp-json\/wp\/v2\/pages\/102\/revisions\/659"}],"up":[{"embeddable":true,"href":"https:\/\/genesisgroupslp.com\/es-ve\/wp-json\/wp\/v2\/pages\/89"}],"wp:attachment":[{"href":"https:\/\/genesisgroupslp.com\/es-ve\/wp-json\/wp\/v2\/media?parent=102"}],"curies":[{"name":"wp","href":"https:\/\/api.w.org\/{rel}","templated":true}]}}