{"id":101,"date":"2014-12-03T15:00:11","date_gmt":"2014-12-03T15:00:11","guid":{"rendered":"https:\/\/genesisgroupslp.com\/sp\/companies\/genesis-marine\/"},"modified":"2018-09-14T15:51:38","modified_gmt":"2018-09-14T15:51:38","slug":"genesis-marine","status":"publish","type":"page","link":"https:\/\/genesisgroupslp.com\/es-ve\/divisions\/genesis-marine\/","title":{"rendered":"Genesis Marine"},"content":{"rendered":"<p><img loading=\"lazy\" decoding=\"async\" class=\"jc_marineandlogisticslogos alignleft wp-image-338 size-medium\" src=\"https:\/\/genesisgroupslp.com\/es-ve\/wp-content\/uploads\/2014\/12\/2-300x40.png\" alt=\"Genesis Marine Logo\" width=\"270\" height=\"33\" data-id=\"372\" \/><br \/>\n<div class=\"su-spacer\" style=\"height:1px\"><\/div>\n<p>GENESIS MARINE fue fundada en 2006 y es una compa\u00f1\u00eda privada que provee servicios personalizados en el sector de servicios navieros. Nuestro principal negocio es Agenciamiento Naviero y nos especializamos en servicios para buques tanqueros y buques de carga seca.<\/p>\n<p>Nuestra oficina principal est\u00e1 ubicada en Puerto La Cruz, Venezuela desde donde manejamos nuestro negocio de agencia naviera en Venezuela, Am\u00e9rica Central y el Caribe.\u00a0Ofrecemos Agenciamiento Completo, Atenci\u00f3n de Buques y somos Agentes Protectores del Armador. Todos nuestros servicios est\u00e1n dise\u00f1ados para maximizar la optimizaci\u00f3n del viaje.\u00a0Nuestros dedicados equipos proveen servicios de la m\u00e1s alta calidad en terminales como los de:<\/p>\n<ul>\n<li>Puerto La Cruz<\/li>\n<li>Terminal Jose<\/li>\n<li>TAECJ<\/li>\n<li>Refiner\u00eda El Palito (Puerto Cabello)<\/li>\n<li>Complejo refinador de Paraguan\u00e1 (Amuay \/ Card\u00f3n)<\/li>\n<\/ul>\n<p>Adem\u00e1s del amplio cubrimiento y alcance que proveemos en Venezuela, tambi\u00e9n operamos en la Rep\u00fablica de Panam\u00e1\u00a0sirviendo Chiriqu\u00ed Grande, Puerto Armuelles y Charco Azul. Tambi\u00e9n la Isla San Eustaquio (Caribe Holand\u00e9s) sirviendo los terminales Nustar y Bah\u00eda Oranjestad.<\/p>\n<p>Para asegurarnos de lograr muy altos niveles de servicio de manera consistente, tenemos importantes asociaciones estrat\u00e9gicas con algunos de los proveedores l\u00edderes en oferta de servicios a lo largo de la regi\u00f3n, cubriendo servicios como Provisiones, Recolecci\u00f3n de Slops\/Sludge y Coordinaci\u00f3n en la entrega de Combustibles.<\/p>\n<p>En una industria y regi\u00f3n que sufre cambios regulatorios frecuentes, incrementos en costos de operaci\u00f3n y regulaciones de cumplimiento cada vez m\u00e1s estrictas, GENESIS MARINE ofrece soluciones disciplinadas y estructuradas para asegurar respuestas y atenciones a buques m\u00e1s eficientes y eficaces en cuanto a costos. Tenemos certificaci\u00f3n ISO 9001 y somos miembros servidores de BIMCO e INTERTANKO.<\/p>\n<p>Creemos que nuestro entendimiento de la pr\u00e1ctica de negocios en la regi\u00f3n, la pasi\u00f3n por lo que hacemos y nuestro compromiso por continuamente superar las expectativas de nuestros clientes es lo que nos hace el socio elegido por due\u00f1os de buques, administradores de buques, operadores y fletadores.<\/p>\n","protected":false},"excerpt":{"rendered":"<p>GENESIS MARINE fue fundada en 2006 y es una compa\u00f1\u00eda privada que provee servicios personalizados en el sector de servicios navieros. Nuestro principal negocio es Agenciamiento Naviero y nos especializamos en servicios para buques tanqueros y buques de carga seca. Nuestra oficina principal est\u00e1 ubicada en Puerto La Cruz, Venezuela desde donde manejamos nuestro negocio [&#8230;]<\/p>\n","protected":false},"author":1,"featured_media":0,"parent":89,"menu_order":19,"comment_status":"open","ping_status":"open","template":"","meta":{"footnotes":""},"class_list":["post-101","page","type-page","status-publish","hentry"],"_links":{"self":[{"href":"https:\/\/genesisgroupslp.com\/es-ve\/wp-json\/wp\/v2\/pages\/101","targetHints":{"allow":["GET"]}}],"collection":[{"href":"https:\/\/genesisgroupslp.com\/es-ve\/wp-json\/wp\/v2\/pages"}],"about":[{"href":"https:\/\/genesisgroupslp.com\/es-ve\/wp-json\/wp\/v2\/types\/page"}],"author":[{"embeddable":true,"href":"https:\/\/genesisgroupslp.com\/es-ve\/wp-json\/wp\/v2\/users\/1"}],"replies":[{"embeddable":true,"href":"https:\/\/genesisgroupslp.com\/es-ve\/wp-json\/wp\/v2\/comments?post=101"}],"version-history":[{"count":44,"href":"https:\/\/genesisgroupslp.com\/es-ve\/wp-json\/wp\/v2\/pages\/101\/revisions"}],"predecessor-version":[{"id":769,"href":"https:\/\/genesisgroupslp.com\/es-ve\/wp-json\/wp\/v2\/pages\/101\/revisions\/769"}],"up":[{"embeddable":true,"href":"https:\/\/genesisgroupslp.com\/es-ve\/wp-json\/wp\/v2\/pages\/89"}],"wp:attachment":[{"href":"https:\/\/genesisgroupslp.com\/es-ve\/wp-json\/wp\/v2\/media?parent=101"}],"curies":[{"name":"wp","href":"https:\/\/api.w.org\/{rel}","templated":true}]}}