{"id":100,"date":"2014-12-03T14:59:51","date_gmt":"2014-12-03T14:59:51","guid":{"rendered":"https:\/\/genesisgroupslp.com\/sp\/solutions\/project-logistics\/"},"modified":"2015-01-31T00:14:51","modified_gmt":"2015-01-31T00:14:51","slug":"project-logistics","status":"publish","type":"page","link":"https:\/\/genesisgroupslp.com\/es-ve\/solutions\/project-logistics\/","title":{"rendered":"GESTION DE PROYECTOS"},"content":{"rendered":"<div id=\"jc_pageheaders\">\n<h1>GESTION DE PROYECTOS<\/h1>\n<\/div>\n<p>Genesis Logistics brinda su experiencia en la prestaci\u00f3n rentable, segura y eficiente de contratos para transporte de carga pesada, sobredimensionada, de gran tama\u00f1o y cargas de ruta cr\u00edtica.<\/p>\n<p>Nuestro dedicado equipo dise\u00f1a y ejecuta servicios de log\u00edstica de proyectos para una amplia gama de empresas y entidades gubernamentales a trav\u00e9s de diversas industrias. Apuntamos a entregar una mejor toma de decisiones estrat\u00e9gicas, t\u00e1cticas y operativas para complejas cadenas de suministro y proyectos log\u00edsticos.<\/p>\n<p>Nos especializamos en servicios para los siguientes sectores industriales<\/p>\n<ul>\n<li>Petr\u00f3leo y Gas, log\u00edstica E&amp;P<\/li>\n<li>Ingenier\u00eda, Procura y Construcci\u00f3n (IPC)<\/li>\n<li>Proyectos de Infraestructura Gubernamental<\/li>\n<li>Energ\u00eda Renovable<\/li>\n<li>Miner\u00eda<\/li>\n<\/ul>\n","protected":false},"excerpt":{"rendered":"<p>GESTION DE PROYECTOS Genesis Logistics brinda su experiencia en la prestaci\u00f3n rentable, segura y eficiente de contratos para transporte de carga pesada, sobredimensionada, de gran tama\u00f1o y cargas de ruta cr\u00edtica. Nuestro dedicado equipo dise\u00f1a y ejecuta servicios de log\u00edstica de proyectos para una amplia gama de empresas y entidades gubernamentales a trav\u00e9s de diversas [&#8230;]<\/p>\n","protected":false},"author":1,"featured_media":0,"parent":88,"menu_order":18,"comment_status":"open","ping_status":"open","template":"","meta":{"footnotes":""},"class_list":["post-100","page","type-page","status-publish","hentry"],"_links":{"self":[{"href":"https:\/\/genesisgroupslp.com\/es-ve\/wp-json\/wp\/v2\/pages\/100","targetHints":{"allow":["GET"]}}],"collection":[{"href":"https:\/\/genesisgroupslp.com\/es-ve\/wp-json\/wp\/v2\/pages"}],"about":[{"href":"https:\/\/genesisgroupslp.com\/es-ve\/wp-json\/wp\/v2\/types\/page"}],"author":[{"embeddable":true,"href":"https:\/\/genesisgroupslp.com\/es-ve\/wp-json\/wp\/v2\/users\/1"}],"replies":[{"embeddable":true,"href":"https:\/\/genesisgroupslp.com\/es-ve\/wp-json\/wp\/v2\/comments?post=100"}],"version-history":[{"count":5,"href":"https:\/\/genesisgroupslp.com\/es-ve\/wp-json\/wp\/v2\/pages\/100\/revisions"}],"predecessor-version":[{"id":656,"href":"https:\/\/genesisgroupslp.com\/es-ve\/wp-json\/wp\/v2\/pages\/100\/revisions\/656"}],"up":[{"embeddable":true,"href":"https:\/\/genesisgroupslp.com\/es-ve\/wp-json\/wp\/v2\/pages\/88"}],"wp:attachment":[{"href":"https:\/\/genesisgroupslp.com\/es-ve\/wp-json\/wp\/v2\/media?parent=100"}],"curies":[{"name":"wp","href":"https:\/\/api.w.org\/{rel}","templated":true}]}}